{"id":2879,"date":"2025-10-14T08:32:10","date_gmt":"2025-10-14T08:32:10","guid":{"rendered":"https:\/\/loteraise.com\/fuer-wen-ist-ein-gewinnspiel\/"},"modified":"2026-01-17T14:42:11","modified_gmt":"2026-01-17T14:42:11","slug":"fuer-wen-ist-ein-gewinnspiel","status":"publish","type":"page","link":"https:\/\/loteraise.com\/de\/fuer-wen-ist-ein-gewinnspiel\/","title":{"rendered":"F\u00fcr wen ist ein Gewinnspiel?"},"content":{"rendered":"\t\t<div data-elementor-type=\"wp-page\" data-elementor-id=\"2879\" class=\"elementor elementor-2879 elementor-2407\">\n\t\t\t\t<div class=\"elementor-element elementor-element-4094ee7 e-flex e-con-boxed e-con e-parent\" data-id=\"4094ee7\" data-element_type=\"container\" data-e-type=\"container\" data-settings=\"{&quot;background_background&quot;:&quot;classic&quot;}\">\n\t\t\t\t\t<div class=\"e-con-inner\">\n\t\t<div class=\"elementor-element elementor-element-8695738 e-con-full e-flex e-con e-child\" data-id=\"8695738\" data-element_type=\"container\" data-e-type=\"container\">\n\t\t\t\t<div class=\"elementor-element elementor-element-2646c9c elementor-widget elementor-widget-heading\" data-id=\"2646c9c\" data-element_type=\"widget\" data-e-type=\"widget\" data-widget_type=\"heading.default\">\n\t\t\t\t<div class=\"elementor-widget-container\">\n\t\t\t\t\t<h1 class=\"elementor-heading-title elementor-size-default\">F\u00dcR WEN IST EIN GEWINNSPIEL<\/h1>\t\t\t\t<\/div>\n\t\t\t\t<\/div>\n\t\t\t\t<\/div>\n\t\t\t\t\t<\/div>\n\t\t\t\t<\/div>\n\t\t<div class=\"elementor-element elementor-element-e90f62c e-flex e-con-boxed e-con e-parent\" data-id=\"e90f62c\" data-element_type=\"container\" data-e-type=\"container\">\n\t\t\t\t\t<div class=\"e-con-inner\">\n\t\t<div class=\"elementor-element elementor-element-0c682a2 e-con-full e-flex e-con e-child\" data-id=\"0c682a2\" data-element_type=\"container\" data-e-type=\"container\">\n\t\t\t\t<div class=\"elementor-element elementor-element-cc91ee5 elementor-widget elementor-widget-image\" data-id=\"cc91ee5\" data-element_type=\"widget\" data-e-type=\"widget\" data-widget_type=\"image.default\">\n\t\t\t\t<div class=\"elementor-widget-container\">\n\t\t\t\t\t\t\t\t\t\t\t\t\t\t\t<img fetchpriority=\"high\" decoding=\"async\" width=\"345\" height=\"356\" src=\"https:\/\/loteraise.com\/wp-content\/uploads\/2025\/09\/Klavertje-Vier-Geluksbrenger.png\" class=\"attachment-full size-full wp-image-2880\" alt=\"f\u00fcr wen ist ein Gewinnspiel\" srcset=\"https:\/\/loteraise.com\/wp-content\/uploads\/2025\/09\/Klavertje-Vier-Geluksbrenger.png 345w, https:\/\/loteraise.com\/wp-content\/uploads\/2025\/09\/Klavertje-Vier-Geluksbrenger-291x300.png 291w\" sizes=\"(max-width: 345px) 100vw, 345px\" \/>\t\t\t\t\t\t\t\t\t\t\t\t\t\t\t<\/div>\n\t\t\t\t<\/div>\n\t\t\t\t<\/div>\n\t\t<div class=\"elementor-element elementor-element-b29abee e-con-full e-flex e-con e-child\" data-id=\"b29abee\" data-element_type=\"container\" data-e-type=\"container\">\n\t\t\t\t<div class=\"elementor-element elementor-element-f095111 elementor-widget elementor-widget-heading\" data-id=\"f095111\" data-element_type=\"widget\" data-e-type=\"widget\" data-widget_type=\"heading.default\">\n\t\t\t\t<div class=\"elementor-widget-container\">\n\t\t\t\t\t<h2 class=\"elementor-heading-title elementor-size-default\">F\u00fcr wen ist EIN GEWINNSPIEL?<\/h2>\t\t\t\t<\/div>\n\t\t\t\t<\/div>\n\t\t\t\t<div class=\"elementor-element elementor-element-5990b83 elementor-widget elementor-widget-text-editor\" data-id=\"5990b83\" data-element_type=\"widget\" data-e-type=\"widget\" data-widget_type=\"text-editor.default\">\n\t\t\t\t<div class=\"elementor-widget-container\">\n\t\t\t\t\t\t\t\t\t<h3 data-start=\"374\" data-end=\"460\">F\u00fcr wen ist ein Gewinnspiel? Entdecken Sie die Vorteile f\u00fcr Unternehmen, Marken und Festivals <\/h3><p data-start=\"462\" data-end=\"836\">Eine <strong data-start=\"466\" data-end=\"492\">Gewinnaktion \u00fcber Loteraise<\/strong> ist die ideale L\u00f6sung f\u00fcr <strong data-start=\"514\" data-end=\"561\">Unternehmen, Marken, Veranstaltungen und Festivals<\/strong>, die ihr Publikum auf originelle und interaktive Weise einbeziehen m\u00f6chten. Mit einer Gewinnaktion erzeugen Sie nicht nur Begeisterung und Reichweite, sondern sammeln auch wertvolle <strong data-start=\"732\" data-end=\"754\">Kundendaten und Leads<\/strong> \u2013 vollst\u00e4ndig <strong data-start=\"766\" data-end=\"779\">DSGVO-konform<\/strong> und gem\u00e4\u00df dem <strong data-start=\"794\" data-end=\"833\">Verhaltenskodex f\u00fcr Werbespiele<\/strong>.<\/p><p data-start=\"838\" data-end=\"1073\">Ob Sie eine neue Kampagne starten, mehr Sichtbarkeit f\u00fcr Ihre Marke w\u00fcnschen oder Besucher auf einer Veranstaltung aktivieren m\u00f6chten: Mit <strong data-start=\"964\" data-end=\"977\">Loteraise<\/strong> erstellen Sie in wenigen Minuten ein professionelles Gewinnspiel, das alle gesetzlichen Anforderungen erf\u00fcllt.<\/p><h3 data-start=\"1080\" data-end=\"1111\">Warum ein Gewinnspiel funktioniert<\/h3><p data-start=\"1113\" data-end=\"1432\">In einer Zeit, in der Konsumenten t\u00e4glich Hunderte von Reizen empfangen, ist es eine Herausforderung, aufzufallen. Ein gut aufgezogenes Gewinnspiel durchbricht dieses Rauschen. Menschen lieben es zu gewinnen \u2013 und das macht dieses Marketinginstrument so wirkungsvoll. Es sorgt f\u00fcr direkte Aufmerksamkeit, spontane Interaktion und positive Markenassoziationen.   <\/p><p data-start=\"1434\" data-end=\"1694\">Dar\u00fcber hinaus liefert ein Gewinnspiel wertvolle Einblicke \u00fcber Ihre Zielgruppe. Denken Sie an Kontaktdaten, Interessen oder Standortdaten von Teilnehmern. Diese Daten k\u00f6nnen Sie anschlie\u00dfend verwenden, um Ihr Marketing besser auszurichten oder zuk\u00fcnftige Kampagnen zu optimieren.  <\/p><p data-start=\"4781\" data-end=\"5006\"> <\/p>\t\t\t\t\t\t\t\t<\/div>\n\t\t\t\t<\/div>\n\t\t\t\t<\/div>\n\t\t\t\t\t<\/div>\n\t\t\t\t<\/div>\n\t\t<div class=\"elementor-element elementor-element-74cc54e e-flex e-con-boxed e-con e-parent\" data-id=\"74cc54e\" data-element_type=\"container\" data-e-type=\"container\">\n\t\t\t\t\t<div class=\"e-con-inner\">\n\t\t\t\t<div class=\"elementor-element elementor-element-08926dc elementor-widget elementor-widget-text-editor\" data-id=\"08926dc\" data-element_type=\"widget\" data-e-type=\"widget\" data-widget_type=\"text-editor.default\">\n\t\t\t\t<div class=\"elementor-widget-container\">\n\t\t\t\t\t\t\t\t\t<h3 data-start=\"2187\" data-end=\"2221\">1. Neue Kunden oder Leads sammeln<\/h3><p data-start=\"1747\" data-end=\"2180\">Ein Gewinnspiel ist eine niedrigschwellige M\u00f6glichkeit, <strong data-start=\"1792\" data-end=\"1819\">neue Kunden oder Leads<\/strong> zu generieren. Besucher schreiben sich beispielsweise \u00fcber einen <strong data-start=\"1883\" data-end=\"1894\">QR-Code<\/strong>, ein <strong data-start=\"1896\" data-end=\"1916\">Online-Formular<\/strong> oder einen <strong data-start=\"1920\" data-end=\"1939\">Social-Media-Post<\/strong> ein, um die Chance auf einen Preis zu erhalten.<br data-start=\"1970\" data-end=\"1973\">Mit Loteraise werden diese Daten direkt sicher gespeichert und Sie k\u00f6nnen sie f\u00fcr Folgekampagnen exportieren.<br data-start=\"2079\" data-end=\"2082\">So bauen Sie m\u00fchelos eine aktuelle Mailingliste auf und vergr\u00f6\u00dfern Sie den Wert Ihrer Marketingdaten. <\/p><h3 data-start=\"2187\" data-end=\"2221\">2. Markenbekanntheit vergr\u00f6\u00dfern<\/h3><p data-start=\"2223\" data-end=\"2689\">Ein gut durchgef\u00fchrtes Gewinnspiel st\u00e4rkt Ihre <strong data-start=\"2266\" data-end=\"2285\">Markenbekanntheit<\/strong> und vergr\u00f6\u00dfert Ihre Sichtbarkeit. Durch die richtige Kombination von Preis, Timing und Promotion k\u00f6nnen Sie virale Reichweite kreieren \u2013 besonders wenn Teilnehmer die Aktion mit Freunden oder Followern teilen.<br data-start=\"2467\" data-end=\"2470\">Mit Loteraise k\u00f6nnen Sie QR-Codes, Flyer und Online-Landingpages einfach in Ihrem Corporate Design personalisieren. So wird jedes Gewinnspiel zu einer Erweiterung Ihrer Markenidentit\u00e4t und bleibt Ihre Marke bei der Zielgruppe pr\u00e4sent.  <\/p><h3 data-start=\"2696\" data-end=\"2734\">3. Eventbesucher aktivieren<\/h3><p data-start=\"2736\" data-end=\"3152\">W\u00e4hrend Messen, Festivals oder Firmenveranstaltungen bietet ein Gewinnspiel die Chance, Besucher aktiv einzubeziehen. Lassen Sie sie beispielsweise einen QR-Code scannen, um direkt einen Preis zu gewinnen oder eine digitale Lotterie w\u00e4hrend der Veranstaltung auszuf\u00fcllen.<br data-start=\"2977\" data-end=\"2980\">Mit Loteraise verl\u00e4uft alles digital, fair und transparent \u2013 von der Teilnahme bis zur Ziehung. Dies sorgt f\u00fcr ein zus\u00e4tzliches Erlebnis vor Ort und mehr Engagement f\u00fcr Ihre Marke.  <\/p><h3 data-start=\"3159\" data-end=\"3207\">4. Kundenbindung und Community verst\u00e4rken<\/h3><p data-start=\"3209\" data-end=\"3657\">Ein Gewinnspiel ist nicht nur geeignet, um neue Kunden zu gewinnen, sondern auch um bestehende Kunden oder Follower zu bedanken. Denken Sie an eine Saisonkampagne, eine Jubil\u00e4umsaktion oder ein exklusives Giveaway f\u00fcr Stammkunden.<br data-start=\"3425\" data-end=\"3428\">So st\u00e4rken Sie die <strong data-start=\"3446\" data-end=\"3471\">Beziehung und Loyalit\u00e4t<\/strong> mit Ihrer Community und erh\u00f6hen Sie die Wahrscheinlichkeit, dass Menschen erneut kaufen oder Ihre Marke weiterempfehlen. Loteraise macht es einfach, Teilnehmer zu verfolgen und in zuk\u00fcnftige Aktionen einzubeziehen.  <\/p><h3 data-start=\"3664\" data-end=\"3722\">5. Wertvolle Daten sammeln \u2013 vollst\u00e4ndig DSGVO-konform<\/h3><p data-start=\"3724\" data-end=\"4065\">Daten sind Gold wert, m\u00fcssen aber sorgf\u00e4ltig behandelt werden. Mit Loteraise sammeln Sie <strong data-start=\"3809\" data-end=\"3840\">Einblicke \u00fcber Ihre Zielgruppe<\/strong> auf eine vollst\u00e4ndig <strong data-start=\"3857\" data-end=\"3872\">DSGVO-sichere<\/strong> Weise.<br data-start=\"3880\" data-end=\"3883\">Alle Teilnehmerdaten werden sicher gespeichert, und Sie bestimmen selbst, welche Informationen Sie abfragen. So verf\u00fcgen Sie \u00fcber qualitative Daten, ohne auf Datenschutz oder Compliance zu verzichten.  <\/p><p data-start=\"4067\" data-end=\"4279\">Diese Daten helfen Ihnen, besser zu verstehen, wer Ihre Zielgruppe ist, welche Aktionen ankommen und wo das meiste Engagement herkommt. Damit k\u00f6nnen Sie zuk\u00fcnftige Marketingkampagnen intelligenter und effektiver einsetzen. <\/p><h2 data-start=\"4286\" data-end=\"4321\">Schnell, sicher und professionell<\/h2><p data-start=\"4323\" data-end=\"4660\">Ob Sie eine <strong data-start=\"4336\" data-end=\"4353\">Markenaktivierung<\/strong>, <strong data-start=\"4355\" data-end=\"4375\">Produkteinf\u00fchrung<\/strong>, <strong data-start=\"4377\" data-end=\"4397\">Festivalkampagne<\/strong> oder <strong data-start=\"4401\" data-end=\"4418\">Saisonaktion<\/strong> organisieren \u2013 mit <strong data-start=\"4437\" data-end=\"4450\">Loteraise<\/strong> erstellen Sie in wenigen Minuten ein professionelles <strong data-start=\"4494\" data-end=\"4521\">Gewinnspiel f\u00fcr Unternehmen<\/strong>.<br data-start=\"4525\" data-end=\"4528\">Sie ben\u00f6tigen keine technischen Kenntnisse, und alles verl\u00e4uft vollst\u00e4ndig online: von der Registrierung und Bezahlung bis zur Ziehung und Berichterstattung.<\/p><p data-start=\"4662\" data-end=\"4774\">Mit unseren Tools sparen Sie Zeit, verst\u00e4rken Sie Ihr Marketing und bauen Sie gleichzeitig an nachhaltigen Kundenbeziehungen.<\/p><p data-start=\"4781\" data-end=\"5006\"><strong data-start=\"4781\" data-end=\"4792\">Kurz gesagt:<\/strong> Ein Gewinnspiel \u00fcber Loteraise ist das Marketinginstrument f\u00fcr Unternehmen, Marken und Veranstaltungen, die in Reichweite, Engagement und wertvollen Daten wachsen m\u00f6chten \u2013 ohne Aufwand, vollst\u00e4ndig DSGVO-konform und 100 % zuverl\u00e4ssig.<\/p>\t\t\t\t\t\t\t\t<\/div>\n\t\t\t\t<\/div>\n\t\t\t\t\t<\/div>\n\t\t\t\t<\/div>\n\t\t<div class=\"elementor-element elementor-element-587f96e e-flex e-con-boxed e-con e-parent\" data-id=\"587f96e\" data-element_type=\"container\" data-e-type=\"container\" data-settings=\"{&quot;background_background&quot;:&quot;classic&quot;}\">\n\t\t\t\t\t<div class=\"e-con-inner\">\n\t\t<div class=\"elementor-element elementor-element-ed9d22e e-con-full e-flex e-con e-child\" data-id=\"ed9d22e\" data-element_type=\"container\" data-e-type=\"container\">\n\t\t\t\t<div class=\"elementor-element elementor-element-1a18fb5 elementor-widget elementor-widget-hfe-infocard\" data-id=\"1a18fb5\" data-element_type=\"widget\" data-e-type=\"widget\" data-widget_type=\"hfe-infocard.default\">\n\t\t\t\t<div class=\"elementor-widget-container\">\n\t\t\t\t\t\n\t\t<div class=\"hfe-infocard\">\n\t\t\t\t\t\t\t\t\t<div class=\"hfe-infocard-title-wrap\">\n\t\t\t\t<h2 class=\"hfe-infocard-title elementor-inline-editing\" data-elementor-setting-key=\"infocard_title\" data-elementor-inline-editing-toolbar=\"basic\" >Kontakt<\/h2>\t\t\t<\/div>\n\t\t\t\t\t\t<div class=\"hfe-infocard-text-wrap\">\n\t\t\t\t<div class=\"hfe-infocard-text elementor-inline-editing\" data-elementor-setting-key=\"infocard_description\" data-elementor-inline-editing-toolbar=\"advanced\">\n\t\t\t\t\tMelde dich an und starte deine Aktion \u2013 komplett online, sicher und schnell live\t\t\t\t<\/div>\n\t\t\t\t\t\t\t<\/div>\n\t\t<\/div>\n\n\t\t\t\t\t\t<\/div>\n\t\t\t\t<\/div>\n\t\t\t\t<div class=\"elementor-element elementor-element-33e0c58 elementor-align-center elementor-widget elementor-widget-button\" data-id=\"33e0c58\" data-element_type=\"widget\" data-e-type=\"widget\" data-widget_type=\"button.default\">\n\t\t\t\t<div class=\"elementor-widget-container\">\n\t\t\t\t\t\t\t\t\t<div class=\"elementor-button-wrapper\">\n\t\t\t\t\t<a class=\"elementor-button elementor-button-link elementor-size-sm\" href=\"https:\/\/loteraise.com\/de\/kontakt\/\">\n\t\t\t\t\t\t<span class=\"elementor-button-content-wrapper\">\n\t\t\t\t\t\t\t\t\t<span class=\"elementor-button-text\">Hier Kontakt aufnehmen<\/span>\n\t\t\t\t\t<\/span>\n\t\t\t\t\t<\/a>\n\t\t\t\t<\/div>\n\t\t\t\t\t\t\t\t<\/div>\n\t\t\t\t<\/div>\n\t\t\t\t<\/div>\n\t\t\t\t\t<\/div>\n\t\t\t\t<\/div>\n\t\t\t\t<\/div>\n\t\t","protected":false},"excerpt":{"rendered":"<p>F\u00dcR WEN IST EIN GEWINNSPIEL F\u00fcr wen ist EIN GEWINNSPIEL? F\u00fcr wen ist ein Gewinnspiel? Entdecken Sie die Vorteile f\u00fcr [&hellip;]<\/p>\n","protected":false},"author":2,"featured_media":0,"parent":0,"menu_order":0,"comment_status":"closed","ping_status":"closed","template":"","meta":{"site-sidebar-layout":"no-sidebar","site-content-layout":"page-builder","ast-site-content-layout":"full-width-container","site-content-style":"unboxed","site-sidebar-style":"unboxed","ast-global-header-display":"","ast-banner-title-visibility":"","ast-main-header-display":"","ast-hfb-above-header-display":"","ast-hfb-below-header-display":"","ast-hfb-mobile-header-display":"","site-post-title":"disabled","ast-breadcrumbs-content":"","ast-featured-img":"disabled","footer-sml-layout":"","ast-disable-related-posts":"","theme-transparent-header-meta":"enabled","adv-header-id-meta":"","stick-header-meta":"","header-above-stick-meta":"","header-main-stick-meta":"","header-below-stick-meta":"","astra-migrate-meta-layouts":"default","ast-page-background-enabled":"default","ast-page-background-meta":{"desktop":{"background-color":"var(--ast-global-color-5)","background-image":"","background-repeat":"repeat","background-position":"center center","background-size":"auto","background-attachment":"scroll","background-type":"","background-media":"","overlay-type":"","overlay-color":"","overlay-opacity":"","overlay-gradient":""},"tablet":{"background-color":"","background-image":"","background-repeat":"repeat","background-position":"center center","background-size":"auto","background-attachment":"scroll","background-type":"","background-media":"","overlay-type":"","overlay-color":"","overlay-opacity":"","overlay-gradient":""},"mobile":{"background-color":"","background-image":"","background-repeat":"repeat","background-position":"center center","background-size":"auto","background-attachment":"scroll","background-type":"","background-media":"","overlay-type":"","overlay-color":"","overlay-opacity":"","overlay-gradient":""}},"ast-content-background-meta":{"desktop":{"background-color":"var(--ast-global-color-4)","background-image":"","background-repeat":"repeat","background-position":"center center","background-size":"auto","background-attachment":"scroll","background-type":"","background-media":"","overlay-type":"","overlay-color":"","overlay-opacity":"","overlay-gradient":""},"tablet":{"background-color":"var(--ast-global-color-4)","background-image":"","background-repeat":"repeat","background-position":"center center","background-size":"auto","background-attachment":"scroll","background-type":"","background-media":"","overlay-type":"","overlay-color":"","overlay-opacity":"","overlay-gradient":""},"mobile":{"background-color":"var(--ast-global-color-4)","background-image":"","background-repeat":"repeat","background-position":"center center","background-size":"auto","background-attachment":"scroll","background-type":"","background-media":"","overlay-type":"","overlay-color":"","overlay-opacity":"","overlay-gradient":""}},"footnotes":""},"class_list":["post-2879","page","type-page","status-publish","hentry"],"_links":{"self":[{"href":"https:\/\/loteraise.com\/de\/wp-json\/wp\/v2\/pages\/2879","targetHints":{"allow":["GET"]}}],"collection":[{"href":"https:\/\/loteraise.com\/de\/wp-json\/wp\/v2\/pages"}],"about":[{"href":"https:\/\/loteraise.com\/de\/wp-json\/wp\/v2\/types\/page"}],"author":[{"embeddable":true,"href":"https:\/\/loteraise.com\/de\/wp-json\/wp\/v2\/users\/2"}],"replies":[{"embeddable":true,"href":"https:\/\/loteraise.com\/de\/wp-json\/wp\/v2\/comments?post=2879"}],"version-history":[{"count":2,"href":"https:\/\/loteraise.com\/de\/wp-json\/wp\/v2\/pages\/2879\/revisions"}],"predecessor-version":[{"id":3153,"href":"https:\/\/loteraise.com\/de\/wp-json\/wp\/v2\/pages\/2879\/revisions\/3153"}],"wp:attachment":[{"href":"https:\/\/loteraise.com\/de\/wp-json\/wp\/v2\/media?parent=2879"}],"curies":[{"name":"wp","href":"https:\/\/api.w.org\/{rel}","templated":true}]}}