{"id":2978,"date":"2025-08-16T20:27:46","date_gmt":"2025-08-16T20:27:46","guid":{"rendered":"https:\/\/loteraise.com\/faq\/"},"modified":"2026-01-14T17:19:25","modified_gmt":"2026-01-14T17:19:25","slug":"faq","status":"publish","type":"page","link":"https:\/\/loteraise.com\/de\/faq\/","title":{"rendered":"FAQ"},"content":{"rendered":"\t\t<div data-elementor-type=\"wp-page\" data-elementor-id=\"2978\" class=\"elementor elementor-2978 elementor-1711\">\n\t\t\t\t<div class=\"elementor-element elementor-element-ed5342b e-flex e-con-boxed e-con e-parent\" data-id=\"ed5342b\" data-element_type=\"container\" data-e-type=\"container\" data-settings=\"{&quot;background_background&quot;:&quot;classic&quot;}\">\n\t\t\t\t\t<div class=\"e-con-inner\">\n\t\t<div class=\"elementor-element elementor-element-0c73a23 e-con-full e-flex e-con e-child\" data-id=\"0c73a23\" data-element_type=\"container\" data-e-type=\"container\">\n\t\t\t\t<div class=\"elementor-element elementor-element-e3ee3a0 elementor-widget elementor-widget-heading\" data-id=\"e3ee3a0\" data-element_type=\"widget\" data-e-type=\"widget\" data-widget_type=\"heading.default\">\n\t\t\t\t<div class=\"elementor-widget-container\">\n\t\t\t\t\t<h1 class=\"elementor-heading-title elementor-size-default\">H\u00e4ufig gestellte Fragen<\/h1>\t\t\t\t<\/div>\n\t\t\t\t<\/div>\n\t\t\t\t<\/div>\n\t\t\t\t\t<\/div>\n\t\t\t\t<\/div>\n\t\t<div class=\"elementor-element elementor-element-46370e1 e-flex e-con-boxed e-con e-parent\" data-id=\"46370e1\" data-element_type=\"container\" data-e-type=\"container\">\n\t\t\t\t\t<div class=\"e-con-inner\">\n\t\t\t\t<div class=\"elementor-element elementor-element-89f68c4 elementor-widget__width-inherit elementor-widget elementor-widget-text-editor\" data-id=\"89f68c4\" data-element_type=\"widget\" data-e-type=\"widget\" data-widget_type=\"text-editor.default\">\n\t\t\t\t<div class=\"elementor-widget-container\">\n\t\t\t\t\t\t\t\t\t<ul><li><strong>Ben\u00f6tige ich immer eine Genehmigung? <\/strong><\/li><\/ul><p><span style=\"font-style: inherit; font-weight: inherit;\">Ja,<\/span> <span style=\"font-style: inherit; font-weight: inherit;\">f\u00fcr Lotterien und Gewinnspiele ist immer eine Genehmigung erforderlich. Spendenaktionen<\/span> <span style=\"font-style: inherit; font-weight: inherit;\">sind genehmigungsfrei.<\/span><\/p><ul><li><strong>Wie beantrage ich eine Genehmigung? <\/strong><\/li><\/ul><p>Loteraise unterst\u00fctzt Sie bei der Beantragung bei der Gemeinde oder der Gl\u00fccksspielbeh\u00f6rde, abh\u00e4ngig vom Preispool.<\/p><ul><li><strong>Wie bezahle ich die Plattform? <\/strong><\/li><\/ul><p>Mit einem monatlichen Abonnement und einem Prozentsatz des Erl\u00f6ses.<\/p><ul><li><strong>Welche Zahlungsmethoden stehen zur Verf\u00fcgung? <\/strong><\/li><\/ul><p>Mit iDEAL und Paypal<\/p><ul><li><strong>Kann ich mehrere Ziehungen organisieren? <\/strong><\/li><\/ul><p>Ja, das ist m\u00f6glich.<\/p><ul><li><strong>Darf ich mein eigenes Preispaket zusammenstellen? <\/strong><\/li><\/ul><p>Ja, aber es muss den Genehmigungsbedingungen entsprechen.<\/p><ul><li><strong>Was passiert, wenn ich weniger Lose verkaufe als geplant? <\/strong><\/li><\/ul><p>Es gibt kein verpflichtendes Minimum, aber dies kann sich auf den Erl\u00f6s auswirken.<\/p><ul><li><strong>Wie kann ich Werbung machen? <\/strong><\/li><\/ul><p>Mit pers\u00f6nlichen Flyern, QR-Codes und Hilfe bei der Verbreitung in sozialen Medien.<\/p><ul><li><strong>Gibt es Altersbeschr\u00e4nkungen? <\/strong><\/li><\/ul><p>Teilnehmer m\u00fcssen mindestens 18 Jahre alt sein.<\/p><ul><li><strong>Wird die Gl\u00fccksspielsteuer einbehalten? <\/strong><\/li><\/ul><p>Gegebenenfalls \u00fcbernimmt der Veranstalter die Gl\u00fccksspielsteuer.<\/p>\t\t\t\t\t\t\t\t<\/div>\n\t\t\t\t<\/div>\n\t\t\t\t<div class=\"elementor-element elementor-element-493c942 elementor-widget elementor-widget-image\" data-id=\"493c942\" data-element_type=\"widget\" data-e-type=\"widget\" data-widget_type=\"image.default\">\n\t\t\t\t<div class=\"elementor-widget-container\">\n\t\t\t\t\t\t\t\t\t\t\t\t\t\t\t<img fetchpriority=\"high\" decoding=\"async\" width=\"580\" height=\"384\" src=\"https:\/\/loteraise.com\/wp-content\/uploads\/2025\/09\/Oudere-heer-is-blij-dat-hij-gewonnen-heeft.png\" class=\"attachment-large size-large wp-image-2980\" alt=\"\u00c4lterer Herr freut sich \u00fcber seinen Gewinn\" srcset=\"https:\/\/loteraise.com\/wp-content\/uploads\/2025\/09\/Oudere-heer-is-blij-dat-hij-gewonnen-heeft.png 580w, https:\/\/loteraise.com\/wp-content\/uploads\/2025\/09\/Oudere-heer-is-blij-dat-hij-gewonnen-heeft-300x199.png 300w\" sizes=\"(max-width: 580px) 100vw, 580px\" \/>\t\t\t\t\t\t\t\t\t\t\t\t\t\t\t<\/div>\n\t\t\t\t<\/div>\n\t\t\t\t\t<\/div>\n\t\t\t\t<\/div>\n\t\t<div class=\"elementor-element elementor-element-37f04f2 e-flex e-con-boxed e-con e-parent\" data-id=\"37f04f2\" data-element_type=\"container\" data-e-type=\"container\" data-settings=\"{&quot;background_background&quot;:&quot;classic&quot;}\">\n\t\t\t\t\t<div class=\"e-con-inner\">\n\t\t<div class=\"elementor-element elementor-element-10a6f0f e-con-full e-flex e-con e-child\" data-id=\"10a6f0f\" data-element_type=\"container\" data-e-type=\"container\">\n\t\t\t\t<div class=\"elementor-element elementor-element-c29f63c elementor-widget elementor-widget-hfe-infocard\" data-id=\"c29f63c\" data-element_type=\"widget\" data-e-type=\"widget\" data-widget_type=\"hfe-infocard.default\">\n\t\t\t\t<div class=\"elementor-widget-container\">\n\t\t\t\t\t\n\t\t<div class=\"hfe-infocard\">\n\t\t\t\t\t\t\t\t\t<div class=\"hfe-infocard-title-wrap\">\n\t\t\t\t<h2 class=\"hfe-infocard-title elementor-inline-editing\" data-elementor-setting-key=\"infocard_title\" data-elementor-inline-editing-toolbar=\"basic\" >Kontakt<\/h2>\t\t\t<\/div>\n\t\t\t\t\t\t<div class=\"hfe-infocard-text-wrap\">\n\t\t\t\t<div class=\"hfe-infocard-text elementor-inline-editing\" data-elementor-setting-key=\"infocard_description\" data-elementor-inline-editing-toolbar=\"advanced\">\n\t\t\t\t\tMelde dich an und starte deine Aktion \u2013 komplett online, sicher und schnell live\t\t\t\t<\/div>\n\t\t\t\t\t\t\t<\/div>\n\t\t<\/div>\n\n\t\t\t\t\t\t<\/div>\n\t\t\t\t<\/div>\n\t\t\t\t<div class=\"elementor-element elementor-element-1161158 elementor-align-center elementor-widget elementor-widget-button\" data-id=\"1161158\" data-element_type=\"widget\" data-e-type=\"widget\" data-widget_type=\"button.default\">\n\t\t\t\t<div class=\"elementor-widget-container\">\n\t\t\t\t\t\t\t\t\t<div class=\"elementor-button-wrapper\">\n\t\t\t\t\t<a class=\"elementor-button elementor-button-link elementor-size-sm\" href=\"https:\/\/loteraise.com\/de\/kontakt\/\">\n\t\t\t\t\t\t<span class=\"elementor-button-content-wrapper\">\n\t\t\t\t\t\t\t\t\t<span class=\"elementor-button-text\">Hier Kontakt aufnehmen<\/span>\n\t\t\t\t\t<\/span>\n\t\t\t\t\t<\/a>\n\t\t\t\t<\/div>\n\t\t\t\t\t\t\t\t<\/div>\n\t\t\t\t<\/div>\n\t\t\t\t<\/div>\n\t\t\t\t\t<\/div>\n\t\t\t\t<\/div>\n\t\t\t\t<\/div>\n\t\t","protected":false},"excerpt":{"rendered":"<p>H\u00e4ufig gestellte Fragen Ben\u00f6tige ich immer eine Genehmigung? Ja, f\u00fcr Lotterien und Gewinnspiele ist immer eine Genehmigung erforderlich. Spendenaktionen sind [&hellip;]<\/p>\n","protected":false},"author":1,"featured_media":0,"parent":0,"menu_order":0,"comment_status":"closed","ping_status":"closed","template":"","meta":{"site-sidebar-layout":"no-sidebar","site-content-layout":"page-builder","ast-site-content-layout":"full-width-container","site-content-style":"unboxed","site-sidebar-style":"unboxed","ast-global-header-display":"","ast-banner-title-visibility":"","ast-main-header-display":"","ast-hfb-above-header-display":"","ast-hfb-below-header-display":"","ast-hfb-mobile-header-display":"","site-post-title":"disabled","ast-breadcrumbs-content":"","ast-featured-img":"disabled","footer-sml-layout":"","ast-disable-related-posts":"","theme-transparent-header-meta":"enabled","adv-header-id-meta":"","stick-header-meta":"","header-above-stick-meta":"","header-main-stick-meta":"","header-below-stick-meta":"","astra-migrate-meta-layouts":"default","ast-page-background-enabled":"default","ast-page-background-meta":{"desktop":{"background-color":"var(--ast-global-color-5)","background-image":"","background-repeat":"repeat","background-position":"center center","background-size":"auto","background-attachment":"scroll","background-type":"","background-media":"","overlay-type":"","overlay-color":"","overlay-opacity":"","overlay-gradient":""},"tablet":{"background-color":"","background-image":"","background-repeat":"repeat","background-position":"center center","background-size":"auto","background-attachment":"scroll","background-type":"","background-media":"","overlay-type":"","overlay-color":"","overlay-opacity":"","overlay-gradient":""},"mobile":{"background-color":"","background-image":"","background-repeat":"repeat","background-position":"center center","background-size":"auto","background-attachment":"scroll","background-type":"","background-media":"","overlay-type":"","overlay-color":"","overlay-opacity":"","overlay-gradient":""}},"ast-content-background-meta":{"desktop":{"background-color":"var(--ast-global-color-4)","background-image":"","background-repeat":"repeat","background-position":"center center","background-size":"auto","background-attachment":"scroll","background-type":"","background-media":"","overlay-type":"","overlay-color":"","overlay-opacity":"","overlay-gradient":""},"tablet":{"background-color":"var(--ast-global-color-4)","background-image":"","background-repeat":"repeat","background-position":"center center","background-size":"auto","background-attachment":"scroll","background-type":"","background-media":"","overlay-type":"","overlay-color":"","overlay-opacity":"","overlay-gradient":""},"mobile":{"background-color":"var(--ast-global-color-4)","background-image":"","background-repeat":"repeat","background-position":"center center","background-size":"auto","background-attachment":"scroll","background-type":"","background-media":"","overlay-type":"","overlay-color":"","overlay-opacity":"","overlay-gradient":""}},"footnotes":""},"class_list":["post-2978","page","type-page","status-publish","hentry"],"_links":{"self":[{"href":"https:\/\/loteraise.com\/de\/wp-json\/wp\/v2\/pages\/2978","targetHints":{"allow":["GET"]}}],"collection":[{"href":"https:\/\/loteraise.com\/de\/wp-json\/wp\/v2\/pages"}],"about":[{"href":"https:\/\/loteraise.com\/de\/wp-json\/wp\/v2\/types\/page"}],"author":[{"embeddable":true,"href":"https:\/\/loteraise.com\/de\/wp-json\/wp\/v2\/users\/1"}],"replies":[{"embeddable":true,"href":"https:\/\/loteraise.com\/de\/wp-json\/wp\/v2\/comments?post=2978"}],"version-history":[{"count":3,"href":"https:\/\/loteraise.com\/de\/wp-json\/wp\/v2\/pages\/2978\/revisions"}],"predecessor-version":[{"id":3123,"href":"https:\/\/loteraise.com\/de\/wp-json\/wp\/v2\/pages\/2978\/revisions\/3123"}],"wp:attachment":[{"href":"https:\/\/loteraise.com\/de\/wp-json\/wp\/v2\/media?parent=2978"}],"curies":[{"name":"wp","href":"https:\/\/api.w.org\/{rel}","templated":true}]}}