{"id":3002,"date":"2025-08-16T21:52:24","date_gmt":"2025-08-16T21:52:24","guid":{"rendered":"https:\/\/loteraise.com\/lotterie-vorteile\/"},"modified":"2026-01-17T14:39:01","modified_gmt":"2026-01-17T14:39:01","slug":"lotterie-vorteile","status":"publish","type":"page","link":"https:\/\/loteraise.com\/de\/lotterie-vorteile\/","title":{"rendered":"Lotterie \u2013 Vorteile"},"content":{"rendered":"\t\t<div data-elementor-type=\"wp-page\" data-elementor-id=\"3002\" class=\"elementor elementor-3002 elementor-1862\">\n\t\t\t\t<div class=\"elementor-element elementor-element-ed5342b e-flex e-con-boxed e-con e-parent\" data-id=\"ed5342b\" data-element_type=\"container\" data-e-type=\"container\" data-settings=\"{&quot;background_background&quot;:&quot;classic&quot;}\">\n\t\t\t\t\t<div class=\"e-con-inner\">\n\t\t<div class=\"elementor-element elementor-element-0c73a23 e-con-full e-flex e-con e-child\" data-id=\"0c73a23\" data-element_type=\"container\" data-e-type=\"container\">\n\t\t\t\t<div class=\"elementor-element elementor-element-e3ee3a0 elementor-widget elementor-widget-heading\" data-id=\"e3ee3a0\" data-element_type=\"widget\" data-e-type=\"widget\" data-widget_type=\"heading.default\">\n\t\t\t\t<div class=\"elementor-widget-container\">\n\t\t\t\t\t<h1 class=\"elementor-heading-title elementor-size-default\">Vorteile<\/h1>\t\t\t\t<\/div>\n\t\t\t\t<\/div>\n\t\t\t\t<\/div>\n\t\t\t\t\t<\/div>\n\t\t\t\t<\/div>\n\t\t<div class=\"elementor-element elementor-element-b069d22 e-flex e-con-boxed e-con e-parent\" data-id=\"b069d22\" data-element_type=\"container\" data-e-type=\"container\">\n\t\t\t\t\t<div class=\"e-con-inner\">\n\t\t<div class=\"elementor-element elementor-element-56a4564 e-con-full e-flex e-con e-child\" data-id=\"56a4564\" data-element_type=\"container\" data-e-type=\"container\">\n\t\t\t\t<div class=\"elementor-element elementor-element-2025767 elementor-widget elementor-widget-heading\" data-id=\"2025767\" data-element_type=\"widget\" data-e-type=\"widget\" data-widget_type=\"heading.default\">\n\t\t\t\t<div class=\"elementor-widget-container\">\n\t\t\t\t\t<h3 class=\"elementor-heading-title elementor-size-default\">Vorteile einer digitalen Lotterie<\/h3>\t\t\t\t<\/div>\n\t\t\t\t<\/div>\n\t\t\t\t<div class=\"elementor-element elementor-element-3754cdc elementor-widget elementor-widget-text-editor\" data-id=\"3754cdc\" data-element_type=\"widget\" data-e-type=\"widget\" data-widget_type=\"text-editor.default\">\n\t\t\t\t<div class=\"elementor-widget-container\">\n\t\t\t\t\t\t\t\t\t<ul><li style=\"font-size: 17px;\"><h6 style=\"font-size: 16px; font-weight: 400; margin-bottom: 0px; color: #2e7d32; font-family: Arial, sans-serif;\"><strong>Zus\u00e4tzliche Motivation<\/strong><\/h6><p style=\"font-size: 16px; margin-bottom: 0px; color: #2e7d32; font-family: Arial, sans-serif;\">\u2192 Mit pers\u00f6nlichen Flyern und QR-Codes sehen Sie direkt, wer die meisten Lose verkauft.<\/p><\/li><li style=\"font-size: 17px;\"><h6 style=\"font-size: 16px; font-weight: 400; margin-bottom: 0px; color: #2e7d32; font-family: Arial, sans-serif;\"><strong>Mehr Komfort f\u00fcr die Teilnehmer<\/strong><\/h6><p style=\"font-size: 16px; margin-bottom: 0px; color: #2e7d32; font-family: Arial, sans-serif;\">\u2192 Die Teilnahme kostet nur ein paar Klicks.<\/p><\/li><li style=\"font-size: 17px;\"><h6 style=\"font-size: 16px; font-weight: 400; margin-bottom: 0px; color: #2e7d32; font-family: Arial, sans-serif;\"><strong>Einfachere Verwaltung<\/strong><\/h6><p style=\"font-size: 16px; margin-bottom: 0px; color: #2e7d32; font-family: Arial, sans-serif;\">\u2192 Automatische Verarbeitung von Zahlungen, Losausgabe und Personendaten.<\/p><\/li><li style=\"font-size: 17px;\"><h6 style=\"font-size: 16px; font-weight: 400; margin-bottom: 0px; color: #2e7d32; font-family: Arial, sans-serif;\"><strong>Umweltfreundlich<\/strong><\/h6><p style=\"font-size: 16px; margin-bottom: 0px; color: #2e7d32; font-family: Arial, sans-serif;\">\u2192 Kein Papierabfall oder Transport.<\/p><\/li><li style=\"font-size: 17px;\"><h6 style=\"font-size: 16px; font-weight: 400; margin-bottom: 0px; color: #2e7d32; font-family: Arial, sans-serif;\"><strong>Gr\u00f6\u00dfere Reichweite<\/strong><\/h6><p style=\"font-size: 16px; margin-bottom: 0px; color: #2e7d32; font-family: Arial, sans-serif;\">\u2192 Teilnehmer k\u00f6nnen aus dem ganzen Land mitmachen, verst\u00e4rkt durch Social Media.<\/p><\/li><li style=\"font-size: 17px;\"><h6 style=\"font-size: 16px; font-weight: 400; margin-bottom: 0px; color: #2e7d32; font-family: Arial, sans-serif;\"><strong>Sicher und zuverl\u00e4ssig<\/strong><\/h6><p style=\"font-size: 16px; margin-bottom: 0px; color: #2e7d32; font-family: Arial, sans-serif;\">\u2192 Personendaten werden gem\u00e4\u00df den AVG-Richtlinien verarbeitet.<\/p><\/li><li style=\"font-size: 17px;\"><h6 style=\"font-size: 16px; font-weight: 400; margin-bottom: 0px; color: #2e7d32; font-family: Arial, sans-serif;\"><strong>Kostenkontrolle<\/strong><\/h6><p style=\"font-size: 16px; margin-bottom: 0px; color: #2e7d32; font-family: Arial, sans-serif;\">\u2192 Keine unerwarteten Druck- und Versandkosten.<\/p><\/li><\/ul>\t\t\t\t\t\t\t\t<\/div>\n\t\t\t\t<\/div>\n\t\t\t\t<\/div>\n\t\t<div class=\"elementor-element elementor-element-dffccf7 e-con-full e-flex e-con e-child\" data-id=\"dffccf7\" data-element_type=\"container\" data-e-type=\"container\">\n\t\t\t\t<div class=\"elementor-element elementor-element-a48b651 elementor-widget elementor-widget-image\" data-id=\"a48b651\" data-element_type=\"widget\" data-e-type=\"widget\" data-widget_type=\"image.default\">\n\t\t\t\t<div class=\"elementor-widget-container\">\n\t\t\t\t\t\t\t\t\t\t\t\t\t\t\t<img fetchpriority=\"high\" decoding=\"async\" width=\"509\" height=\"511\" src=\"https:\/\/loteraise.com\/wp-content\/uploads\/2025\/09\/jonge-heer-met-gebalde-vuisten-2.png\" class=\"attachment-large size-large wp-image-2920\" alt=\"junger Mann mit geballten F\u00e4usten 2\" srcset=\"https:\/\/loteraise.com\/wp-content\/uploads\/2025\/09\/jonge-heer-met-gebalde-vuisten-2.png 509w, https:\/\/loteraise.com\/wp-content\/uploads\/2025\/09\/jonge-heer-met-gebalde-vuisten-2-300x300.png 300w, https:\/\/loteraise.com\/wp-content\/uploads\/2025\/09\/jonge-heer-met-gebalde-vuisten-2-150x150.png 150w\" sizes=\"(max-width: 509px) 100vw, 509px\" \/>\t\t\t\t\t\t\t\t\t\t\t\t\t\t\t<\/div>\n\t\t\t\t<\/div>\n\t\t\t\t<\/div>\n\t\t\t\t\t<\/div>\n\t\t\t\t<\/div>\n\t\t<div class=\"elementor-element elementor-element-4ea6c66 e-flex e-con-boxed e-con e-parent\" data-id=\"4ea6c66\" data-element_type=\"container\" data-e-type=\"container\">\n\t\t\t\t\t<div class=\"e-con-inner\">\n\t\t<div class=\"elementor-element elementor-element-6880e43 e-con-full e-flex e-con e-child\" data-id=\"6880e43\" data-element_type=\"container\" data-e-type=\"container\">\n\t\t\t\t<div class=\"elementor-element elementor-element-f51149a elementor-widget elementor-widget-image\" data-id=\"f51149a\" data-element_type=\"widget\" data-e-type=\"widget\" data-widget_type=\"image.default\">\n\t\t\t\t<div class=\"elementor-widget-container\">\n\t\t\t\t\t\t\t\t\t\t\t\t\t\t\t<img decoding=\"async\" width=\"264\" height=\"310\" src=\"https:\/\/loteraise.com\/wp-content\/uploads\/2025\/09\/Nummer-7-Geluksgetal.png\" class=\"attachment-large size-large wp-image-2900\" alt=\"Lotto-Erl\u00f6s\" srcset=\"https:\/\/loteraise.com\/wp-content\/uploads\/2025\/09\/Nummer-7-Geluksgetal.png 264w, https:\/\/loteraise.com\/wp-content\/uploads\/2025\/09\/Nummer-7-Geluksgetal-255x300.png 255w\" sizes=\"(max-width: 264px) 100vw, 264px\" \/>\t\t\t\t\t\t\t\t\t\t\t\t\t\t\t<\/div>\n\t\t\t\t<\/div>\n\t\t\t\t<\/div>\n\t\t<div class=\"elementor-element elementor-element-1d599f0 e-con-full e-flex e-con e-child\" data-id=\"1d599f0\" data-element_type=\"container\" data-e-type=\"container\">\n\t\t\t\t<div class=\"elementor-element elementor-element-aa2fac4 elementor-widget elementor-widget-heading\" data-id=\"aa2fac4\" data-element_type=\"widget\" data-e-type=\"widget\" data-widget_type=\"heading.default\">\n\t\t\t\t<div class=\"elementor-widget-container\">\n\t\t\t\t\t<h3 class=\"elementor-heading-title elementor-size-default\">Vorteile von Loteraise gegen\u00fcber Lotify<\/h3>\t\t\t\t<\/div>\n\t\t\t\t<\/div>\n\t\t\t\t<div class=\"elementor-element elementor-element-3eba8f5 elementor-widget elementor-widget-text-editor\" data-id=\"3eba8f5\" data-element_type=\"widget\" data-e-type=\"widget\" data-widget_type=\"text-editor.default\">\n\t\t\t\t<div class=\"elementor-widget-container\">\n\t\t\t\t\t\t\t\t\t<h2 style=\"font-size: 20px; font-style: normal; font-weight: 600; color: #2e7d32; font-family: Arial, sans-serif;\">Warum Loteraise anstelle von Lotify w\u00e4hlen?<\/h2><ul style=\"font-size: 17px; font-style: normal; font-weight: 400;\"><li style=\"font-size: 17px;\"><h6 style=\"font-size: 16px; font-weight: 400; margin-bottom: 0px; color: #2e7d32; font-family: Arial, sans-serif;\"><strong>Automatisierter Genehmigungsantrag<\/strong><\/h6><p style=\"font-size: 16px; margin-bottom: 0px; color: #2e7d32; font-family: Arial, sans-serif;\">\u2192 Wir begleiten Sie Schritt f\u00fcr Schritt durch den Prozess.<\/p><\/li><li style=\"font-size: 17px;\"><h6 style=\"font-size: 16px; font-weight: 400; margin-bottom: 0px; color: #2e7d32; font-family: Arial, sans-serif;\"><strong>Werbeunterst\u00fctzung<\/strong><\/h6><p style=\"font-size: 16px; margin-bottom: 0px; color: #2e7d32; font-family: Arial, sans-serif;\">\u2192 Flyer pro Verk\u00e4ufer oder Team mit Namen und eindeutigem QR-Code, sodass Sie einfach verfolgen k\u00f6nnen, wer die meisten Lose verkauft.<\/p><\/li><li style=\"font-size: 17px;\"><h6 style=\"font-size: 16px; font-weight: 400; margin-bottom: 0px; color: #2e7d32; font-family: Arial, sans-serif;\"><strong>Standard-Werbebotschaften<\/strong><\/h6><p style=\"font-size: 16px; margin-bottom: 0px; color: #2e7d32; font-family: Arial, sans-serif;\">\u2192 Bereit zum Teilen \u00fcber WhatsApp, E-Mail oder andere soziale Kan\u00e4le.<\/p><\/li><li style=\"font-size: 17px;\"><h6 style=\"font-size: 16px; font-weight: 400; margin-bottom: 0px; color: #2e7d32; font-family: Arial, sans-serif;\"><strong>Einfacheres Portal<\/strong><\/h6><p style=\"font-size: 16px; margin-bottom: 0px; color: #2e7d32; font-family: Arial, sans-serif;\">\u2192 Mit klaren Erkl\u00e4rvideos pro Abschnitt, sodass jeder selbstst\u00e4ndig loslegen kann.<\/p><\/li><li style=\"font-size: 17px;\"><h6 style=\"font-size: 16px; font-weight: 400; margin-bottom: 0px; color: #2e7d32; font-family: Arial, sans-serif;\"><strong>Mehr Fokus auf Ihren Erfolg<\/strong><\/h6><p style=\"font-size: 16px; margin-bottom: 0px; color: #2e7d32; font-family: Arial, sans-serif;\">\u2192 Weniger komplex, mehr Anleitung, Fokus auf Benutzerfreundlichkeit.<\/p><\/li><\/ul>\t\t\t\t\t\t\t\t<\/div>\n\t\t\t\t<\/div>\n\t\t\t\t<\/div>\n\t\t\t\t\t<\/div>\n\t\t\t\t<\/div>\n\t\t<div class=\"elementor-element elementor-element-6d214f7 e-flex e-con-boxed e-con e-parent\" data-id=\"6d214f7\" data-element_type=\"container\" data-e-type=\"container\">\n\t\t\t\t\t<div class=\"e-con-inner\">\n\t\t<div class=\"elementor-element elementor-element-47189ec e-con-full e-flex e-con e-child\" data-id=\"47189ec\" data-element_type=\"container\" data-e-type=\"container\">\n\t\t\t\t<div class=\"elementor-element elementor-element-f7f52ab elementor-widget elementor-widget-heading\" data-id=\"f7f52ab\" data-element_type=\"widget\" data-e-type=\"widget\" data-widget_type=\"heading.default\">\n\t\t\t\t<div class=\"elementor-widget-container\">\n\t\t\t\t\t<h3 class=\"elementor-heading-title elementor-size-default\">Vorteile von Loteraise gegen\u00fcber der gro\u00dfen Vereinsaktion<\/h3>\t\t\t\t<\/div>\n\t\t\t\t<\/div>\n\t\t\t\t<div class=\"elementor-element elementor-element-af55dbd elementor-widget elementor-widget-text-editor\" data-id=\"af55dbd\" data-element_type=\"widget\" data-e-type=\"widget\" data-widget_type=\"text-editor.default\">\n\t\t\t\t<div class=\"elementor-widget-container\">\n\t\t\t\t\t\t\t\t\t<h2 style=\"font-size: 20px; font-style: normal; font-weight: 600; color: #2e7d32; font-family: Arial, sans-serif;\">Warum Loteraise attraktiver ist als die Grote Clubactie:<\/h2><ul style=\"font-size: 17px; font-style: normal; font-weight: 400;\"><li style=\"font-size: 17px;\"><h6 style=\"font-size: 16px; font-weight: 400; margin-bottom: 0px; color: #2e7d32; font-family: Arial, sans-serif;\"><strong>Eigenes Preispaket<\/strong><\/h6><p style=\"font-size: 16px; margin-bottom: 0px; color: #2e7d32; font-family: Arial, sans-serif;\">\u2192 Bei Loteraise w\u00e4hlst du selbst, welche Preise du vergibst, abgestimmt auf deine Anh\u00e4ngerschaft.<\/p><\/li><li style=\"font-size: 17px;\"><h6 style=\"font-size: 16px; font-weight: 400; margin-bottom: 0px; color: #2e7d32; font-family: Arial, sans-serif;\"><strong>H\u00f6herer Ertrag f\u00fcr den Verein<\/strong><\/h6><p style=\"font-size: 16px; margin-bottom: 0px; color: #2e7d32; font-family: Arial, sans-serif;\">\u2192 W\u00e4hrend bei der Grote Clubactie ein Teil an die Organisation selbst geht, bleibt bei Loteraise ein gr\u00f6\u00dferer Teil des Ertrags bei deinem Verein oder deiner Stiftung.<\/p><\/li><li style=\"font-size: 17px;\"><h6 style=\"font-size: 16px; font-weight: 400; margin-bottom: 0px; color: #2e7d32; font-family: Arial, sans-serif;\"><strong>V\u00f6llige Freiheit<\/strong><\/h6><p style=\"font-size: 16px; margin-bottom: 0px; color: #2e7d32; font-family: Arial, sans-serif;\">\u2192 Du bestimmst selbst den Lospreis, die Anzahl der Lose und die Laufzeit.<\/p><\/li><li style=\"font-size: 17px;\"><h6 style=\"font-size: 16px; font-weight: 400; margin-bottom: 0px; color: #2e7d32; font-family: Arial, sans-serif;\"><strong>Digitale Werbung<\/strong><\/h6><p style=\"font-size: 16px; margin-bottom: 0px; color: #2e7d32; font-family: Arial, sans-serif;\">\u2192 Einzigartige QR-Codes pro Verk\u00e4ufer und fertiges Werbematerial f\u00fcr Social Media.<\/p><\/li><li style=\"font-size: 17px;\"><h6 style=\"font-size: 16px; font-weight: 400; margin-bottom: 0px; color: #2e7d32; font-family: Arial, sans-serif;\"><strong>Professionelle Plattform<\/strong><\/h6><p style=\"font-size: 16px; margin-bottom: 0px; color: #2e7d32; font-family: Arial, sans-serif;\">\u2192 Mit Echtzeitstatistiken, iDEAL-Zahlungen und automatischen Ziehungen.<\/p><\/li><\/ul>\t\t\t\t\t\t\t\t<\/div>\n\t\t\t\t<\/div>\n\t\t\t\t<\/div>\n\t\t<div class=\"elementor-element elementor-element-e0dacc0 e-con-full e-flex e-con e-child\" data-id=\"e0dacc0\" data-element_type=\"container\" data-e-type=\"container\">\n\t\t\t\t<div class=\"elementor-element elementor-element-e56c3c6 elementor-widget elementor-widget-image\" data-id=\"e56c3c6\" data-element_type=\"widget\" data-e-type=\"widget\" data-widget_type=\"image.default\">\n\t\t\t\t<div class=\"elementor-widget-container\">\n\t\t\t\t\t\t\t\t\t\t\t\t\t\t\t<img decoding=\"async\" width=\"450\" height=\"454\" src=\"https:\/\/loteraise.com\/wp-content\/uploads\/2025\/09\/Heer-met-gebalde-vuisten-en-ogen-gesloten-3.png\" class=\"attachment-large size-large wp-image-3007\" alt=\"Herr mit geballten F\u00e4usten und geschlossenen Augen 3\" srcset=\"https:\/\/loteraise.com\/wp-content\/uploads\/2025\/09\/Heer-met-gebalde-vuisten-en-ogen-gesloten-3.png 450w, https:\/\/loteraise.com\/wp-content\/uploads\/2025\/09\/Heer-met-gebalde-vuisten-en-ogen-gesloten-3-297x300.png 297w, https:\/\/loteraise.com\/wp-content\/uploads\/2025\/09\/Heer-met-gebalde-vuisten-en-ogen-gesloten-3-150x150.png 150w\" sizes=\"(max-width: 450px) 100vw, 450px\" \/>\t\t\t\t\t\t\t\t\t\t\t\t\t\t\t<\/div>\n\t\t\t\t<\/div>\n\t\t\t\t<\/div>\n\t\t\t\t\t<\/div>\n\t\t\t\t<\/div>\n\t\t<div class=\"elementor-element elementor-element-6d9c979 e-flex e-con-boxed e-con e-parent\" data-id=\"6d9c979\" data-element_type=\"container\" data-e-type=\"container\">\n\t\t\t\t\t<div class=\"e-con-inner\">\n\t\t\t\t<div class=\"elementor-element elementor-element-77f6a47 elementor-widget elementor-widget-heading\" data-id=\"77f6a47\" data-element_type=\"widget\" data-e-type=\"widget\" data-widget_type=\"heading.default\">\n\t\t\t\t<div class=\"elementor-widget-container\">\n\t\t\t\t\t<h3 class=\"elementor-heading-title elementor-size-default\">Zus\u00e4tzliche Einnahmen durch die Nutzung einer White-Label-Plattform wie Loteraise<\/h3>\t\t\t\t<\/div>\n\t\t\t\t<\/div>\n\t\t\t\t<div class=\"elementor-element elementor-element-0f386ea elementor-widget elementor-widget-text-editor\" data-id=\"0f386ea\" data-element_type=\"widget\" data-e-type=\"widget\" data-widget_type=\"text-editor.default\">\n\t\t\t\t<div class=\"elementor-widget-container\">\n\t\t\t\t\t\t\t\t\t<p>Quelle Untersuchung zweite Kammer: <a href=\"https:\/\/www.tweedekamer.nl\/downloads\/document?id=2024D32601\" rel=\"noopener\">https:\/\/www.tweedekamer.nl\/downloads\/document?id=2024D32601<\/a><\/p><p> <\/p>\t\t\t\t\t\t\t\t<\/div>\n\t\t\t\t<\/div>\n\t\t\t\t<div class=\"elementor-element elementor-element-4de65d0 elementor-widget elementor-widget-image\" data-id=\"4de65d0\" data-element_type=\"widget\" data-e-type=\"widget\" data-widget_type=\"image.default\">\n\t\t\t\t<div class=\"elementor-widget-container\">\n\t\t\t\t\t\t\t\t\t\t\t\t\t\t\t<img loading=\"lazy\" decoding=\"async\" width=\"664\" height=\"439\" src=\"https:\/\/loteraise.com\/wp-content\/uploads\/2025\/09\/Extra-Omzet-tov-Zonder-White-Label.png\" class=\"attachment-large size-large wp-image-3006\" alt=\"zus\u00e4tzlicher Umsatz im Vergleich zu ohne White Label\" srcset=\"https:\/\/loteraise.com\/wp-content\/uploads\/2025\/09\/Extra-Omzet-tov-Zonder-White-Label.png 664w, https:\/\/loteraise.com\/wp-content\/uploads\/2025\/09\/Extra-Omzet-tov-Zonder-White-Label-300x198.png 300w\" sizes=\"(max-width: 664px) 100vw, 664px\" \/>\t\t\t\t\t\t\t\t\t\t\t\t\t\t\t<\/div>\n\t\t\t\t<\/div>\n\t\t\t\t\t<\/div>\n\t\t\t\t<\/div>\n\t\t<div class=\"elementor-element elementor-element-83a835b e-flex e-con-boxed e-con e-parent\" data-id=\"83a835b\" data-element_type=\"container\" data-e-type=\"container\" data-settings=\"{&quot;background_background&quot;:&quot;classic&quot;}\">\n\t\t\t\t\t<div class=\"e-con-inner\">\n\t\t<div class=\"elementor-element elementor-element-c5c0e38 e-con-full e-flex e-con e-child\" data-id=\"c5c0e38\" data-element_type=\"container\" data-e-type=\"container\">\n\t\t\t\t<div class=\"elementor-element elementor-element-a9ae2fd elementor-widget elementor-widget-hfe-infocard\" data-id=\"a9ae2fd\" data-element_type=\"widget\" data-e-type=\"widget\" data-widget_type=\"hfe-infocard.default\">\n\t\t\t\t<div class=\"elementor-widget-container\">\n\t\t\t\t\t\n\t\t<div class=\"hfe-infocard\">\n\t\t\t\t\t\t\t\t\t<div class=\"hfe-infocard-title-wrap\">\n\t\t\t\t<h2 class=\"hfe-infocard-title elementor-inline-editing\" data-elementor-setting-key=\"infocard_title\" data-elementor-inline-editing-toolbar=\"basic\" >Kontakt<\/h2>\t\t\t<\/div>\n\t\t\t\t\t\t<div class=\"hfe-infocard-text-wrap\">\n\t\t\t\t<div class=\"hfe-infocard-text elementor-inline-editing\" data-elementor-setting-key=\"infocard_description\" data-elementor-inline-editing-toolbar=\"advanced\">\n\t\t\t\t\tMelde dich an und starte deine Aktion \u2013 komplett online, sicher und schnell live\t\t\t\t<\/div>\n\t\t\t\t\t\t\t<\/div>\n\t\t<\/div>\n\n\t\t\t\t\t\t<\/div>\n\t\t\t\t<\/div>\n\t\t\t\t<div class=\"elementor-element elementor-element-3eb742a elementor-align-center elementor-widget elementor-widget-button\" data-id=\"3eb742a\" data-element_type=\"widget\" data-e-type=\"widget\" data-widget_type=\"button.default\">\n\t\t\t\t<div class=\"elementor-widget-container\">\n\t\t\t\t\t\t\t\t\t<div class=\"elementor-button-wrapper\">\n\t\t\t\t\t<a class=\"elementor-button elementor-button-link elementor-size-sm\" href=\"https:\/\/loteraise.com\/de\/kontakt\/\">\n\t\t\t\t\t\t<span class=\"elementor-button-content-wrapper\">\n\t\t\t\t\t\t\t\t\t<span class=\"elementor-button-text\">Hier Kontakt aufnehmen<\/span>\n\t\t\t\t\t<\/span>\n\t\t\t\t\t<\/a>\n\t\t\t\t<\/div>\n\t\t\t\t\t\t\t\t<\/div>\n\t\t\t\t<\/div>\n\t\t\t\t<\/div>\n\t\t\t\t\t<\/div>\n\t\t\t\t<\/div>\n\t\t\t\t<\/div>\n\t\t","protected":false},"excerpt":{"rendered":"<p>Vorteile Vorteile einer digitalen Lotterie Zus\u00e4tzliche Motivation \u2192 Mit pers\u00f6nlichen Flyern und QR-Codes sehen Sie direkt, wer die meisten Lose [&hellip;]<\/p>\n","protected":false},"author":1,"featured_media":0,"parent":0,"menu_order":0,"comment_status":"closed","ping_status":"closed","template":"","meta":{"site-sidebar-layout":"no-sidebar","site-content-layout":"page-builder","ast-site-content-layout":"full-width-container","site-content-style":"unboxed","site-sidebar-style":"unboxed","ast-global-header-display":"","ast-banner-title-visibility":"","ast-main-header-display":"","ast-hfb-above-header-display":"","ast-hfb-below-header-display":"","ast-hfb-mobile-header-display":"","site-post-title":"disabled","ast-breadcrumbs-content":"","ast-featured-img":"disabled","footer-sml-layout":"","ast-disable-related-posts":"","theme-transparent-header-meta":"enabled","adv-header-id-meta":"","stick-header-meta":"","header-above-stick-meta":"","header-main-stick-meta":"","header-below-stick-meta":"","astra-migrate-meta-layouts":"default","ast-page-background-enabled":"default","ast-page-background-meta":{"desktop":{"background-color":"var(--ast-global-color-5)","background-image":"","background-repeat":"repeat","background-position":"center center","background-size":"auto","background-attachment":"scroll","background-type":"","background-media":"","overlay-type":"","overlay-color":"","overlay-opacity":"","overlay-gradient":""},"tablet":{"background-color":"","background-image":"","background-repeat":"repeat","background-position":"center center","background-size":"auto","background-attachment":"scroll","background-type":"","background-media":"","overlay-type":"","overlay-color":"","overlay-opacity":"","overlay-gradient":""},"mobile":{"background-color":"","background-image":"","background-repeat":"repeat","background-position":"center center","background-size":"auto","background-attachment":"scroll","background-type":"","background-media":"","overlay-type":"","overlay-color":"","overlay-opacity":"","overlay-gradient":""}},"ast-content-background-meta":{"desktop":{"background-color":"var(--ast-global-color-4)","background-image":"","background-repeat":"repeat","background-position":"center center","background-size":"auto","background-attachment":"scroll","background-type":"","background-media":"","overlay-type":"","overlay-color":"","overlay-opacity":"","overlay-gradient":""},"tablet":{"background-color":"var(--ast-global-color-4)","background-image":"","background-repeat":"repeat","background-position":"center center","background-size":"auto","background-attachment":"scroll","background-type":"","background-media":"","overlay-type":"","overlay-color":"","overlay-opacity":"","overlay-gradient":""},"mobile":{"background-color":"var(--ast-global-color-4)","background-image":"","background-repeat":"repeat","background-position":"center center","background-size":"auto","background-attachment":"scroll","background-type":"","background-media":"","overlay-type":"","overlay-color":"","overlay-opacity":"","overlay-gradient":""}},"footnotes":""},"class_list":["post-3002","page","type-page","status-publish","hentry"],"_links":{"self":[{"href":"https:\/\/loteraise.com\/de\/wp-json\/wp\/v2\/pages\/3002","targetHints":{"allow":["GET"]}}],"collection":[{"href":"https:\/\/loteraise.com\/de\/wp-json\/wp\/v2\/pages"}],"about":[{"href":"https:\/\/loteraise.com\/de\/wp-json\/wp\/v2\/types\/page"}],"author":[{"embeddable":true,"href":"https:\/\/loteraise.com\/de\/wp-json\/wp\/v2\/users\/1"}],"replies":[{"embeddable":true,"href":"https:\/\/loteraise.com\/de\/wp-json\/wp\/v2\/comments?post=3002"}],"version-history":[{"count":10,"href":"https:\/\/loteraise.com\/de\/wp-json\/wp\/v2\/pages\/3002\/revisions"}],"predecessor-version":[{"id":3149,"href":"https:\/\/loteraise.com\/de\/wp-json\/wp\/v2\/pages\/3002\/revisions\/3149"}],"wp:attachment":[{"href":"https:\/\/loteraise.com\/de\/wp-json\/wp\/v2\/media?parent=3002"}],"curies":[{"name":"wp","href":"https:\/\/api.w.org\/{rel}","templated":true}]}}