{"id":3024,"date":"2025-09-07T09:02:45","date_gmt":"2025-09-07T09:02:45","guid":{"rendered":"https:\/\/loteraise.com\/lotterie\/"},"modified":"2026-01-06T19:09:30","modified_gmt":"2026-01-06T19:09:30","slug":"lotterie","status":"publish","type":"page","link":"https:\/\/loteraise.com\/de\/lotterie\/","title":{"rendered":"Lotterie"},"content":{"rendered":"\t\t<div data-elementor-type=\"wp-page\" data-elementor-id=\"3024\" class=\"elementor elementor-3024 elementor-2187\">\n\t\t\t\t<div class=\"elementor-element elementor-element-ed5342b e-flex e-con-boxed e-con e-parent\" data-id=\"ed5342b\" data-element_type=\"container\" data-e-type=\"container\" data-settings=\"{&quot;background_background&quot;:&quot;classic&quot;}\">\n\t\t\t\t\t<div class=\"e-con-inner\">\n\t\t<div class=\"elementor-element elementor-element-0c73a23 e-con-full e-flex e-con e-child\" data-id=\"0c73a23\" data-element_type=\"container\" data-e-type=\"container\">\n\t\t\t\t<div class=\"elementor-element elementor-element-e3ee3a0 elementor-widget elementor-widget-heading\" data-id=\"e3ee3a0\" data-element_type=\"widget\" data-e-type=\"widget\" data-widget_type=\"heading.default\">\n\t\t\t\t<div class=\"elementor-widget-container\">\n\t\t\t\t\t<h1 class=\"elementor-heading-title elementor-size-default\">L\u00f6sungen<\/h1>\t\t\t\t<\/div>\n\t\t\t\t<\/div>\n\t\t\t\t<\/div>\n\t\t\t\t\t<\/div>\n\t\t\t\t<\/div>\n\t\t<div class=\"elementor-element elementor-element-46370e1 e-flex e-con-boxed e-con e-parent\" data-id=\"46370e1\" data-element_type=\"container\" data-e-type=\"container\">\n\t\t\t\t\t<div class=\"e-con-inner\">\n\t\t\t\t<div class=\"elementor-element elementor-element-89f68c4 elementor-widget__width-inherit elementor-widget elementor-widget-text-editor\" data-id=\"89f68c4\" data-element_type=\"widget\" data-e-type=\"widget\" data-widget_type=\"text-editor.default\">\n\t\t\t\t<div class=\"elementor-widget-container\">\n\t\t\t\t\t\t\t\t\t<ul><li><a href=\"https:\/\/loteraise.com\/de\/voor-wie\/\">F\u00fcr wen ist eine Online Lotterie geeignet? <\/a><br>-&gt; Egal ob (Sport-)Verein, Schule, Wohlt\u00e4tigkeitsorganisation oder guter Zweck \u2013 eine Online-Lotterie ist eine gute M\u00f6glichkeit, zus\u00e4tzliche Gelder zu sammeln. <\/li><li><a href=\"https:\/\/loteraise.com\/de\/lotterie-wie-funktioniert-das\/\">Wie funktioniert die Organisation einer Online-Lotterie?<\/a><br>-&gt; Wenn du mit Loteraise zusammenarbeitest, ist das ganz unkompliziert. Wir unterst\u00fctzen dich bei der Beantragung der Genehmigung und richten deine pers\u00f6nliche Online-Plattform ein. Au\u00dferdem helfen wir bei Social Media und stellen personalisierte Flyer zur Verf\u00fcgung, mit denen auch ein Haus-zu-Haus-Verkauf m\u00f6glich ist.  <\/li><li><a href=\"https:\/\/loteraise.com\/de\/lotterie-vorteile\/\">Was sind die Vorteile der Organisation einer Online-Lotterie?<\/a><br>-&gt; Online-Lotterien zeichnen sich durch h\u00f6here Ertr\u00e4ge, weniger Verwaltung, weniger Betrug, mehr Komfort und geringere Kosten aus. <\/li><\/ul>\t\t\t\t\t\t\t\t<\/div>\n\t\t\t\t<\/div>\n\t\t\t\t<div class=\"elementor-element elementor-element-493c942 elementor-widget elementor-widget-image\" data-id=\"493c942\" data-element_type=\"widget\" data-e-type=\"widget\" data-widget_type=\"image.default\">\n\t\t\t\t<div class=\"elementor-widget-container\">\n\t\t\t\t\t\t\t\t\t\t\t\t\t\t\t<img fetchpriority=\"high\" decoding=\"async\" width=\"363\" height=\"341\" src=\"https:\/\/loteraise.com\/wp-content\/uploads\/2025\/09\/Hoefijzer.png\" class=\"attachment-large size-large wp-image-2897\" alt=\"Hufeisen\" srcset=\"https:\/\/loteraise.com\/wp-content\/uploads\/2025\/09\/Hoefijzer.png 363w, https:\/\/loteraise.com\/wp-content\/uploads\/2025\/09\/Hoefijzer-300x282.png 300w\" sizes=\"(max-width: 363px) 100vw, 363px\" \/>\t\t\t\t\t\t\t\t\t\t\t\t\t\t\t<\/div>\n\t\t\t\t<\/div>\n\t\t\t\t\t<\/div>\n\t\t\t\t<\/div>\n\t\t<div class=\"elementor-element elementor-element-a07a2b9 e-flex e-con-boxed e-con e-parent\" data-id=\"a07a2b9\" data-element_type=\"container\" data-e-type=\"container\" data-settings=\"{&quot;background_background&quot;:&quot;classic&quot;}\">\n\t\t\t\t\t<div class=\"e-con-inner\">\n\t\t<div class=\"elementor-element elementor-element-db992c8 e-con-full e-flex e-con e-child\" data-id=\"db992c8\" data-element_type=\"container\" data-e-type=\"container\">\n\t\t\t\t<div class=\"elementor-element elementor-element-298d3ac elementor-widget elementor-widget-hfe-infocard\" data-id=\"298d3ac\" data-element_type=\"widget\" data-e-type=\"widget\" data-widget_type=\"hfe-infocard.default\">\n\t\t\t\t<div class=\"elementor-widget-container\">\n\t\t\t\t\t\n\t\t<div class=\"hfe-infocard\">\n\t\t\t\t\t\t\t\t\t<div class=\"hfe-infocard-title-wrap\">\n\t\t\t\t<h2 class=\"hfe-infocard-title elementor-inline-editing\" data-elementor-setting-key=\"infocard_title\" data-elementor-inline-editing-toolbar=\"basic\" >Kontakt aufnehmen<\/h2>\t\t\t<\/div>\n\t\t\t\t\t\t<div class=\"hfe-infocard-text-wrap\">\n\t\t\t\t<div class=\"hfe-infocard-text elementor-inline-editing\" data-elementor-setting-key=\"infocard_description\" data-elementor-inline-editing-toolbar=\"advanced\">\n\t\t\t\t\t<p>Melde Dich an und starte deine Aktion \u2013 vollst\u00e4ndig online, sicher und schnell live.<\/p>\t\t\t\t<\/div>\n\t\t\t\t\t\t\t<\/div>\n\t\t<\/div>\n\n\t\t\t\t\t\t<\/div>\n\t\t\t\t<\/div>\n\t\t\t\t<div class=\"elementor-element elementor-element-466fc8c elementor-align-center elementor-widget elementor-widget-button\" data-id=\"466fc8c\" data-element_type=\"widget\" data-e-type=\"widget\" data-widget_type=\"button.default\">\n\t\t\t\t<div class=\"elementor-widget-container\">\n\t\t\t\t\t\t\t\t\t<div class=\"elementor-button-wrapper\">\n\t\t\t\t\t<a class=\"elementor-button elementor-button-link elementor-size-sm\" href=\"#\">\n\t\t\t\t\t\t<span class=\"elementor-button-content-wrapper\">\n\t\t\t\t\t\t\t\t\t<span class=\"elementor-button-text\">Nehmen Sie Kontakt auf<\/span>\n\t\t\t\t\t<\/span>\n\t\t\t\t\t<\/a>\n\t\t\t\t<\/div>\n\t\t\t\t\t\t\t\t<\/div>\n\t\t\t\t<\/div>\n\t\t\t\t<\/div>\n\t\t\t\t\t<\/div>\n\t\t\t\t<\/div>\n\t\t\t\t<\/div>\n\t\t","protected":false},"excerpt":{"rendered":"<p>L\u00f6sungen F\u00fcr wen ist eine Online Lotterie geeignet? -&gt; Egal ob (Sport-)Verein, Schule, Wohlt\u00e4tigkeitsorganisation oder guter Zweck \u2013 eine Online-Lotterie [&hellip;]<\/p>\n","protected":false},"author":2,"featured_media":0,"parent":0,"menu_order":0,"comment_status":"closed","ping_status":"closed","template":"","meta":{"site-sidebar-layout":"no-sidebar","site-content-layout":"page-builder","ast-site-content-layout":"full-width-container","site-content-style":"unboxed","site-sidebar-style":"unboxed","ast-global-header-display":"","ast-banner-title-visibility":"","ast-main-header-display":"","ast-hfb-above-header-display":"","ast-hfb-below-header-display":"","ast-hfb-mobile-header-display":"","site-post-title":"disabled","ast-breadcrumbs-content":"","ast-featured-img":"disabled","footer-sml-layout":"","ast-disable-related-posts":"","theme-transparent-header-meta":"enabled","adv-header-id-meta":"","stick-header-meta":"","header-above-stick-meta":"","header-main-stick-meta":"","header-below-stick-meta":"","astra-migrate-meta-layouts":"default","ast-page-background-enabled":"default","ast-page-background-meta":{"desktop":{"background-color":"var(--ast-global-color-5)","background-image":"","background-repeat":"repeat","background-position":"center center","background-size":"auto","background-attachment":"scroll","background-type":"","background-media":"","overlay-type":"","overlay-color":"","overlay-opacity":"","overlay-gradient":""},"tablet":{"background-color":"","background-image":"","background-repeat":"repeat","background-position":"center center","background-size":"auto","background-attachment":"scroll","background-type":"","background-media":"","overlay-type":"","overlay-color":"","overlay-opacity":"","overlay-gradient":""},"mobile":{"background-color":"","background-image":"","background-repeat":"repeat","background-position":"center center","background-size":"auto","background-attachment":"scroll","background-type":"","background-media":"","overlay-type":"","overlay-color":"","overlay-opacity":"","overlay-gradient":""}},"ast-content-background-meta":{"desktop":{"background-color":"var(--ast-global-color-4)","background-image":"","background-repeat":"repeat","background-position":"center center","background-size":"auto","background-attachment":"scroll","background-type":"","background-media":"","overlay-type":"","overlay-color":"","overlay-opacity":"","overlay-gradient":""},"tablet":{"background-color":"var(--ast-global-color-4)","background-image":"","background-repeat":"repeat","background-position":"center center","background-size":"auto","background-attachment":"scroll","background-type":"","background-media":"","overlay-type":"","overlay-color":"","overlay-opacity":"","overlay-gradient":""},"mobile":{"background-color":"var(--ast-global-color-4)","background-image":"","background-repeat":"repeat","background-position":"center center","background-size":"auto","background-attachment":"scroll","background-type":"","background-media":"","overlay-type":"","overlay-color":"","overlay-opacity":"","overlay-gradient":""}},"footnotes":""},"class_list":["post-3024","page","type-page","status-publish","hentry"],"_links":{"self":[{"href":"https:\/\/loteraise.com\/de\/wp-json\/wp\/v2\/pages\/3024","targetHints":{"allow":["GET"]}}],"collection":[{"href":"https:\/\/loteraise.com\/de\/wp-json\/wp\/v2\/pages"}],"about":[{"href":"https:\/\/loteraise.com\/de\/wp-json\/wp\/v2\/types\/page"}],"author":[{"embeddable":true,"href":"https:\/\/loteraise.com\/de\/wp-json\/wp\/v2\/users\/2"}],"replies":[{"embeddable":true,"href":"https:\/\/loteraise.com\/de\/wp-json\/wp\/v2\/comments?post=3024"}],"version-history":[{"count":7,"href":"https:\/\/loteraise.com\/de\/wp-json\/wp\/v2\/pages\/3024\/revisions"}],"predecessor-version":[{"id":3066,"href":"https:\/\/loteraise.com\/de\/wp-json\/wp\/v2\/pages\/3024\/revisions\/3066"}],"wp:attachment":[{"href":"https:\/\/loteraise.com\/de\/wp-json\/wp\/v2\/media?parent=3024"}],"curies":[{"name":"wp","href":"https:\/\/api.w.org\/{rel}","templated":true}]}}